{"id":947,"date":"2023-02-27T07:44:44","date_gmt":"2023-02-27T06:44:44","guid":{"rendered":"https:\/\/y6pc8jb03u.wpdns.site\/?page_id=947"},"modified":"2025-02-03T16:52:43","modified_gmt":"2025-02-03T15:52:43","slug":"archiv","status":"publish","type":"page","link":"https:\/\/www.alltax.ch\/en\/archiv\/","title":{"rendered":"Archive"},"content":{"rendered":"<section id=\"treuhand\" class=\"bde-section-947-100 bde-section\">\n  \n  \n\t\n\n\n\n<div class=\"section-container\"><h1 class=\"bde-heading-947-101 bde-heading\">\nArchiv\n<\/h1><div class=\"bde-post-loop-947-102 bde-post-loop\"><div class=\"bde-loop bde-loop-list ee-posts ee-posts-list\">    <article class=\"bde-loop-item ee-post\">\n        <section class=\"bde-section-931-109-11666-931-1 bde-section bde-section-931-109\">\n  \n  \n\t\n\n\n\n<div class=\"section-container\"><a class=\"bde-container-link-931-110-11666-931-1 bde-container-link bde-container-link-931-110 breakdance-link\" href=\"https:\/\/www.alltax.ch\/en\/2026\/03\/30\/individualbesteuerung-was-kommt-auf-sie-zu\/\" target=\"_self\" data-type=\"url\">\n  \n  \n\t\n\n\n\n<h3 class=\"bde-heading-931-111-11666-931-1 bde-heading bde-heading-931-111\">\nIndividualbesteuerung \u2013 was kommt auf Sie zu?\n<\/h3><div class=\"bde-text-931-112-11666-931-1 bde-text bde-text-931-112\">\n30. March 2026\n<\/div><div class=\"bde-rich-text-931-113-11666-931-1 bde-rich-text bde-rich-text-931-113 breakdance-rich-text-styles\">\n<p>Am 8. M\u00e4rz 2026 hat das Schweizer Stimmvolk das Bundesgesetz \u00fcber die Individualbesteuerung an der Urne angenommen.&nbsp; Mit diesem Volksentscheid wird sich das Schweizer Steuersystem [&hellip;]<\/p>\n\n<\/div>\n\n<\/a><\/div>\n<\/section>    <\/article>\n    <article class=\"bde-loop-item ee-post\">\n        <section class=\"bde-section-931-109-11644-931-1 bde-section bde-section-931-109\">\n  \n  \n\t\n\n\n\n<div class=\"section-container\"><a class=\"bde-container-link-931-110-11644-931-1 bde-container-link bde-container-link-931-110 breakdance-link\" href=\"https:\/\/www.alltax.ch\/en\/2026\/03\/02\/kryptowerte-im-fokusneuer-internationaler-informationsaustausch-ab-2026\/\" target=\"_self\" data-type=\"url\">\n  \n  \n\t\n\n\n\n<h3 class=\"bde-heading-931-111-11644-931-1 bde-heading bde-heading-931-111\">\nKryptowerte im Fokus: Neuer internationaler Informationsaustausch ab 2026\n<\/h3><div class=\"bde-text-931-112-11644-931-1 bde-text bde-text-931-112\">\n2. March 2026\n<\/div><div class=\"bde-rich-text-931-113-11644-931-1 bde-rich-text bde-rich-text-931-113 breakdance-rich-text-styles\">\n<p>Der Bundesrat f\u00fchrt ab 2026 den automatischen Informationsaustausch (AIA) f\u00fcr Kryptowerte ein, der erste Datenaustausch erfolgt 2027. Bis 2025 wurden nur klassische Verm\u00f6genswerte wie Bankguthaben [&hellip;]<\/p>\n\n<\/div>\n\n<\/a><\/div>\n<\/section>    <\/article>\n    <article class=\"bde-loop-item ee-post\">\n        <section class=\"bde-section-931-109-11642-931-1 bde-section bde-section-931-109\">\n  \n  \n\t\n\n\n\n<div class=\"section-container\"><a class=\"bde-container-link-931-110-11642-931-1 bde-container-link bde-container-link-931-110 breakdance-link\" href=\"https:\/\/www.alltax.ch\/en\/2026\/02\/23\/entscheidend-ist-die-tatsaechliche-trennung-nicht-das-bankkonto\/\" target=\"_self\" data-type=\"url\">\n  \n  \n\t\n\n\n\n<h3 class=\"bde-heading-931-111-11642-931-1 bde-heading bde-heading-931-111\">\nEntscheidend ist die tats\u00e4chliche Trennung \u2013 nicht das Bankkonto\n<\/h3><div class=\"bde-text-931-112-11642-931-1 bde-text bde-text-931-112\">\n23. February 2026\n<\/div><div class=\"bde-rich-text-931-113-11642-931-1 bde-rich-text bde-rich-text-931-113 breakdance-rich-text-styles\">\n<p>Eine Frau lebte in den Jahren 2017 und 2018 faktisch getrennt von ihrem Ehemann. Gegen\u00fcber den Steuerbeh\u00f6rden machte sie geltend, sie sei wirtschaftlich noch nicht [&hellip;]<\/p>\n\n<\/div>\n\n<\/a><\/div>\n<\/section>    <\/article>\n    <article class=\"bde-loop-item ee-post\">\n        <section class=\"bde-section-931-109-11640-931-1 bde-section bde-section-931-109\">\n  \n  \n\t\n\n\n\n<div class=\"section-container\"><a class=\"bde-container-link-931-110-11640-931-1 bde-container-link bde-container-link-931-110 breakdance-link\" href=\"https:\/\/www.alltax.ch\/en\/2026\/02\/02\/kryptowaehrungen-in-der-steuererklaerung-was-ist-zu-beachten\/\" target=\"_self\" data-type=\"url\">\n  \n  \n\t\n\n\n\n<h3 class=\"bde-heading-931-111-11640-931-1 bde-heading bde-heading-931-111\">\nKryptow\u00e4hrungen in der Steuererkl\u00e4rung: Was ist zu beachten?\n<\/h3><div class=\"bde-text-931-112-11640-931-1 bde-text bde-text-931-112\">\n2. February 2026\n<\/div><div class=\"bde-rich-text-931-113-11640-931-1 bde-rich-text bde-rich-text-931-113 breakdance-rich-text-styles\">\n<p>In der Schweiz unterliegen Kryptow\u00e4hrungen keiner besonderen \u00abSondermeldepflicht\u00bb. Sie gelten jedoch als Verm\u00f6genswerte und m\u00fcssen wie Bankguthaben oder Wertschriften in der Steuererkl\u00e4rung deklariert werden. Verm\u00f6genssteuerKryptow\u00e4hrungen [&hellip;]<\/p>\n\n<\/div>\n\n<\/a><\/div>\n<\/section>    <\/article>\n    <article class=\"bde-loop-item ee-post\">\n        <section class=\"bde-section-931-109-11511-931-1 bde-section bde-section-931-109\">\n  \n  \n\t\n\n\n\n<div class=\"section-container\"><a class=\"bde-container-link-931-110-11511-931-1 bde-container-link bde-container-link-931-110 breakdance-link\" href=\"https:\/\/www.alltax.ch\/en\/2026\/01\/28\/informationsveranstaltung-individualbesteuerung\/\" target=\"_self\" data-type=\"url\">\n  \n  \n\t\n\n\n\n<h3 class=\"bde-heading-931-111-11511-931-1 bde-heading bde-heading-931-111\">\nInformationsveranstaltung: \u00abIndividualbesteuerung\u00bb\n<\/h3><div class=\"bde-text-931-112-11511-931-1 bde-text bde-text-931-112\">\n28. January 2026\n<\/div><div class=\"bde-rich-text-931-113-11511-931-1 bde-rich-text bde-rich-text-931-113 breakdance-rich-text-styles\">\n<p>Am 8. M\u00e4rz 2026 stimmt die Schweizer Stimmbev\u00f6lkerung \u00fcber das Bundesgesetz \u00fcber die Individualbesteuerung ab. Aus diesem Anlass laden wir Sie herzlich zu unserem Informationsanlass [&hellip;]<\/p>\n\n<\/div>\n\n<\/a><\/div>\n<\/section>    <\/article>\n    <article class=\"bde-loop-item ee-post\">\n        <section class=\"bde-section-931-109-11638-931-1 bde-section bde-section-931-109\">\n  \n  \n\t\n\n\n\n<div class=\"section-container\"><a class=\"bde-container-link-931-110-11638-931-1 bde-container-link bde-container-link-931-110 breakdance-link\" href=\"https:\/\/www.alltax.ch\/en\/2026\/01\/05\/feiertage-aendern-nichts-am-fristbeginn\/\" target=\"_self\" data-type=\"url\">\n  \n  \n\t\n\n\n\n<h3 class=\"bde-heading-931-111-11638-931-1 bde-heading bde-heading-931-111\">\nFeiertage \u00e4ndern nichts am Fristbeginn\n<\/h3><div class=\"bde-text-931-112-11638-931-1 bde-text bde-text-931-112\">\n5. January 2026\n<\/div><div class=\"bde-rich-text-931-113-11638-931-1 bde-rich-text bde-rich-text-931-113 breakdance-rich-text-styles\">\n<p>Ein Ehepaar aus dem Kanton Thurgau reichte eine Beschwerde gegen einen Steuerentscheid einen Tag zu sp\u00e4t ein. Es ging davon aus, dass die Frist wegen [&hellip;]<\/p>\n\n<\/div>\n\n<\/a><\/div>\n<\/section>    <\/article>\n    <article class=\"bde-loop-item ee-post\">\n        <section class=\"bde-section-931-109-11636-931-1 bde-section bde-section-931-109\">\n  \n  \n\t\n\n\n\n<div class=\"section-container\"><a class=\"bde-container-link-931-110-11636-931-1 bde-container-link bde-container-link-931-110 breakdance-link\" href=\"https:\/\/www.alltax.ch\/en\/2025\/12\/01\/freunden-etwas-hinterlassen-so-vermeiden-sie-streit\/\" target=\"_self\" data-type=\"url\">\n  \n  \n\t\n\n\n\n<h3 class=\"bde-heading-931-111-11636-931-1 bde-heading bde-heading-931-111\">\nFreunden etwas hinterlassen \u2013 so vermeiden Sie Streit\n<\/h3><div class=\"bde-text-931-112-11636-931-1 bde-text bde-text-931-112\">\n1. December 2025\n<\/div><div class=\"bde-rich-text-931-113-11636-931-1 bde-rich-text bde-rich-text-931-113 breakdance-rich-text-styles\">\n<p>Wer sicherstellen m\u00f6chte, dass ein Freund oder eine Freundin im Todesfall etwas erh\u00e4lt, sollte seinen letzten Willen klar und formg\u00fcltig in einem Testament festhalten. Unklare [&hellip;]<\/p>\n\n<\/div>\n\n<\/a><\/div>\n<\/section>    <\/article>\n    <article class=\"bde-loop-item ee-post\">\n        <section class=\"bde-section-931-109-11634-931-1 bde-section bde-section-931-109\">\n  \n  \n\t\n\n\n\n<div class=\"section-container\"><a class=\"bde-container-link-931-110-11634-931-1 bde-container-link bde-container-link-931-110 breakdance-link\" href=\"https:\/\/www.alltax.ch\/en\/2025\/11\/03\/steuern-sparen-dank-abzuegen-die-wichtigsten-positionen-fuer-selbstaendigerwerbende\/\" target=\"_self\" data-type=\"url\">\n  \n  \n\t\n\n\n\n<h3 class=\"bde-heading-931-111-11634-931-1 bde-heading bde-heading-931-111\">\nSteuern sparen dank Abz\u00fcgen \u2013 die wichtigsten Positionen f\u00fcr Selbst\u00e4ndigerwerbende\n<\/h3><div class=\"bde-text-931-112-11634-931-1 bde-text bde-text-931-112\">\n3. November 2025\n<\/div><div class=\"bde-rich-text-931-113-11634-931-1 bde-rich-text bde-rich-text-931-113 breakdance-rich-text-styles\">\n<p>Viele Selbst\u00e4ndigerwerbende sch\u00f6pfen ihre legitimen Abzugsm\u00f6glichkeiten nicht voll aus \u2013 oft aus Unkenntnis. Grunds\u00e4tzlich sind alle gesch\u00e4ftsm\u00e4ssig begr\u00fcndeten Aufwendungen abzugsf\u00e4hig. Zu den wichtigsten geh\u00f6ren: Typische [&hellip;]<\/p>\n\n<\/div>\n\n<\/a><\/div>\n<\/section>    <\/article>\n    <article class=\"bde-loop-item ee-post\">\n        <section class=\"bde-section-931-109-11451-931-1 bde-section bde-section-931-109\">\n  \n  \n\t\n\n\n\n<div class=\"section-container\"><a class=\"bde-container-link-931-110-11451-931-1 bde-container-link bde-container-link-931-110 breakdance-link\" href=\"https:\/\/www.alltax.ch\/en\/2025\/10\/31\/schon-wieder-gute-bilanz-news\/\" target=\"_self\" data-type=\"url\">\n  \n  \n\t\n\n\n\n<h3 class=\"bde-heading-931-111-11451-931-1 bde-heading bde-heading-931-111\">\nSchon wieder gute Bilanz-News.\n<\/h3><div class=\"bde-text-931-112-11451-931-1 bde-text bde-text-931-112\">\n31. October 2025\n<\/div><div class=\"bde-rich-text-931-113-11451-931-1 bde-rich-text bde-rich-text-931-113 breakdance-rich-text-styles\">\n<p>Unseren Kunden sei Dank. Vielen herzlichen Dank f\u00fcr Ihr Vertrauen und Ihre Treue! Zum vierten Mal in Folge haben Sie uns im Rahmen des renommierten [&hellip;]<\/p>\n\n<\/div>\n\n<\/a><\/div>\n<\/section>    <\/article>\n<\/div><div class='bde-posts-pagination' data-ssr-path='breakdance\/subplugins\/breakdance-elements\/elements\/Posts_Loop\/ssr.php'>\n\n                                    \n    \n    \n    \n    \n            \n            <button type=\"submit\" class=\"button-atom button-atom--primary bde-posts-pagination-loadmore-button\"  >\n    \n        <span class=\"button-atom__text\">Weitere Beitr\u00e4ge laden<\/span>\n\n        \n        \n            <\/button>\n    \n\n<\/div>\r\n<\/div><a class=\"bde-text-link-947-103 bde-text-link breakdance-link\" href=\"https:\/\/www.alltax.ch\/aktuelles\/\" target=\"_self\" data-type=\"url\">\n  Zu Aktuelles\n\n<\/a><\/div>\n<\/section>","protected":false},"excerpt":{"rendered":"<p>Archiv Individualbesteuerung \u2013 was kommt auf Sie zu? 30. March 2026 Am 8. M\u00e4rz 2026 hat das Schweizer Stimmvolk das Bundesgesetz \u00fcber die Individualbesteuerung an [&hellip;]<\/p>\n","protected":false},"author":1,"featured_media":0,"parent":0,"menu_order":0,"comment_status":"closed","ping_status":"closed","template":"","meta":{"_acf_changed":false,"_seopress_robots_primary_cat":"","_seopress_titles_title":"Archiv: Dokumente &amp; Informationen  %%sep%%  %%sitetitle%%","_seopress_titles_desc":"Zugriff auf Dokumente zu Quellensteuerreform, Sozialversicherungen und mehr bei Alltax AG.","_seopress_robots_index":"","inline_featured_image":false,"_breakdance_hide_in_design_set":false,"_breakdance_tags":"","iawp_total_views":83,"footnotes":""},"class_list":["post-947","page","type-page","status-publish"],"acf":[],"_links":{"self":[{"href":"https:\/\/www.alltax.ch\/en\/wp-json\/wp\/v2\/pages\/947","targetHints":{"allow":["GET"]}}],"collection":[{"href":"https:\/\/www.alltax.ch\/en\/wp-json\/wp\/v2\/pages"}],"about":[{"href":"https:\/\/www.alltax.ch\/en\/wp-json\/wp\/v2\/types\/page"}],"author":[{"embeddable":true,"href":"https:\/\/www.alltax.ch\/en\/wp-json\/wp\/v2\/users\/1"}],"replies":[{"embeddable":true,"href":"https:\/\/www.alltax.ch\/en\/wp-json\/wp\/v2\/comments?post=947"}],"version-history":[{"count":9,"href":"https:\/\/www.alltax.ch\/en\/wp-json\/wp\/v2\/pages\/947\/revisions"}],"predecessor-version":[{"id":10998,"href":"https:\/\/www.alltax.ch\/en\/wp-json\/wp\/v2\/pages\/947\/revisions\/10998"}],"wp:attachment":[{"href":"https:\/\/www.alltax.ch\/en\/wp-json\/wp\/v2\/media?parent=947"}],"curies":[{"name":"wp","href":"https:\/\/api.w.org\/{rel}","templated":true}]}}