{"id":74,"date":"2023-01-14T22:55:52","date_gmt":"2023-01-14T21:55:52","guid":{"rendered":"https:\/\/y6pc8jb03u.wpdns.site\/?page_id=74"},"modified":"2025-09-18T12:23:51","modified_gmt":"2025-09-18T10:23:51","slug":"services","status":"publish","type":"page","link":"https:\/\/www.alltax.ch\/en\/dienstleistungen\/","title":{"rendered":"Services"},"content":{"rendered":"<section id=\"treuhand\" class=\"bde-section-74-100 bde-section\">\n  \n  \n\t\n\n\n\n<div class=\"section-container\"><h2 class=\"bde-heading-74-101 bde-heading\">\nFiduciary Services\n<\/h2><div class=\"bde-rich-text-74-158 bde-rich-text breakdance-rich-text-styles\">\n<p>The choice of an advisor is an important corporate decision. We not only support you with proper bookkeeping and annual accounts, but also accompany you in a close relationship of trust for the long-term success of your company. Added value in connection with fiduciary services means supporting you as an entrepreneur in the increasingly complex world of business. This with data and figures, but also with our passionate striving to find the best solution for you.<\/p><p>Learn more about <a href=\"https:\/\/www.alltax.ch\/en\/services\/treuhand\/\">your fiduciary services in Basel<\/a>.<\/p>\n<\/div><\/div>\n<\/section><section class=\"bde-section-74-115 bde-section\" data-parallax=\"true\">\n  \n  \n\t\n\n\n\n<div class=\"section-container\"><div class=\"bde-div-74-116 bde-div\">\n  \n  \n\t\n\n\n\n<div class=\"bde-rich-text-74-117 bde-rich-text breakdance-rich-text-styles\">\n<p>Sie haben genug zu tun mit Ihrem Unternehmen. <br>Die Zahlen k\u00f6nnen Sie ruhig uns \u00fcberlassen. <\/p>\n<\/div>\n<\/div><\/div>\n<\/section><section id=\"steuern\" class=\"bde-section-74-138 bde-section\">\n  \n  \n\t\n\n\n\n<div class=\"section-container\"><h2 class=\"bde-heading-74-139 bde-heading\">\nTax\n<\/h2><div class=\"bde-rich-text-74-140 bde-rich-text breakdance-rich-text-styles\">\n<p>We advise companies and individuals in all tax matters and provide the necessary basis for smart tax decisions. A constant flood of changes in legislation and practice make taxation a complex matter. This makes careful tax advice all the more important: We provide clarity and support you reliably and promptly. In doing so, we point out optimization possibilities and make you aware of tax risks Even in the case of highly complex tax issues.<\/p><p>Learn more about <a href=\"https:\/\/www.alltax.ch\/en\/services\/steuerberatung\/\">your tax advisory in Basel<\/a>.<\/p>\n<\/div><\/div>\n<\/section><section class=\"bde-section-74-123 bde-section\" data-parallax=\"true\">\n  \n  \n\t\n\n\n\n<div class=\"section-container\"><div class=\"bde-div-74-124 bde-div\">\n  \n  \n\t\n\n\n\n<img decoding=\"async\" class=\"bde-image2-74-228 bde-image2\" src=\"https:\/\/www.alltax.ch\/wp-content\/uploads\/2024\/04\/alltax-treuhand-basel-1.jpg\" alt=\"Planzen bei Alltax im Treuhand B\u00fcro in Basel\" loading=\"lazy\" srcset=\"https:\/\/www.alltax.ch\/wp-content\/uploads\/2024\/04\/alltax-treuhand-basel-1.jpg 1366w, https:\/\/www.alltax.ch\/wp-content\/uploads\/2024\/04\/alltax-treuhand-basel-1-300x123.jpg 300w, https:\/\/www.alltax.ch\/wp-content\/uploads\/2024\/04\/alltax-treuhand-basel-1-1024x420.jpg 1024w, https:\/\/www.alltax.ch\/wp-content\/uploads\/2024\/04\/alltax-treuhand-basel-1-768x315.jpg 768w, https:\/\/www.alltax.ch\/wp-content\/uploads\/2024\/04\/alltax-treuhand-basel-1-18x7.jpg 18w\" sizes=\"(max-width: 1366px) 100vw, 1366px\">\n<\/div><\/div>\n<\/section><section id=\"wirtschaftspruefung\" class=\"bde-section-74-126 bde-section\">\n  \n  \n\t\n\n\n\n<div class=\"section-container\"><h2 class=\"bde-heading-74-127 bde-heading\">\nAudit\n<\/h2><div class=\"bde-rich-text-74-128 bde-rich-text breakdance-rich-text-styles\">\n<p>As auditors, we create trust! We fulfil our task with the highest level of professionalism and profound expertise. An audit by Alltax confirms your credibility and creditworthiness. We show you opportunities for optimisation in financial processes and in the annual financial statements, thereby creating added value.<\/p><p>Learn more about <a href=\"https:\/\/www.alltax.ch\/en\/services\/wirtschaftspruefung\/\">your audit advisory in Basel<\/a>.<\/p>\n<\/div><\/div>\n<\/section><section class=\"bde-section-74-135 bde-section\" data-parallax=\"true\">\n  \n  \n\t\n\n\n\n<div class=\"section-container\"><div class=\"bde-div-74-136 bde-div\">\n  \n  \n\t\n\n\n\n<div class=\"bde-rich-text-74-137 bde-rich-text breakdance-rich-text-styles\">\n<p>Wenn wir Ihre Rechnung pr\u00fcfen, <br>dann geht sie f\u00fcr alle auf.<\/p>\n<\/div>\n<\/div><\/div>\n<\/section><section id=\"unternehmensberatung\" class=\"bde-section-74-118 bde-section\">\n  \n  \n\t\n\n\n\n<div class=\"section-container\"><h2 class=\"bde-heading-74-119 bde-heading\">\nManagement Consulting\n<\/h2><div class=\"bde-rich-text-74-120 bde-rich-text breakdance-rich-text-styles\">\n<p>Establishment, growth, restructuring, process optimisation, merger, succession, liquidation: companies go through life cycles and each phase confronts management with specific challenges that present risks but also open up new opportunities. Alltax provides you with practical and competent support and guides you and your company through the difficult decision-making process and the achievement of your corporate objectives. We analyse the current situation, examine all options, develop strategies with you and advise you with our competence, our experience and the ambition to find the best solution in each case. We stand by you when it comes to implementing the jointly developed goals and measures and accompany you in an implementation-oriented manner for as long as necessary. When a high degree of specialization is needed, we rely on the know-how of our national and international network.<\/p><p>Learn more about <a href=\"https:\/\/www.alltax.ch\/en\/services\/unternehmensberatung\/\">your management consultancy in Basel<\/a>.<\/p>\n<\/div><\/div>\n<\/section><section class=\"bde-section-74-154 bde-section\" data-parallax=\"true\">\n  \n  \n\t\n\n\n\n<div class=\"section-container\"><div class=\"bde-div-74-155 bde-div\">\n  \n  \n\t\n\n\n\n<div class=\"bde-rich-text-74-156 bde-rich-text breakdance-rich-text-styles\">\n<p class=\"translation-block\">Wenn Sie f\u00fcr Ihr Unternehmen den n\u00e4chsten <br>Schritt planen: Es k\u00f6nnten auch Meilen sein.<\/p>\n<\/div>\n<\/div><\/div>\n<\/section>","protected":false},"excerpt":{"rendered":"<p>Treuhand Die Wahl des Treuh\u00e4nders ist ein wichtiger Unternehmensentscheid. Wir unterst\u00fctzen Sie nicht nur mit einer sauberen Buchf\u00fchrung und Jahresrechnung, sondern begleiten Sie auch im [&hellip;]<\/p>\n","protected":false},"author":1,"featured_media":0,"parent":0,"menu_order":0,"comment_status":"closed","ping_status":"closed","template":"","meta":{"_acf_changed":false,"_seopress_robots_primary_cat":"","_seopress_titles_title":"Dienstleistungen %%sep%% %%sitetitle%%","_seopress_titles_desc":"Wir sind Ihr Experte in Basel f\u00fcr Steuern, Wirtschaftspr\u00fcfung, Treuhand und Unternehmensberatung. Entdecken Sie unsere umfangreichen Dienstleistungen.","_seopress_robots_index":"","inline_featured_image":false,"_breakdance_hide_in_design_set":false,"_breakdance_tags":"","iawp_total_views":1653,"footnotes":""},"class_list":["post-74","page","type-page","status-publish"],"acf":[],"_links":{"self":[{"href":"https:\/\/www.alltax.ch\/en\/wp-json\/wp\/v2\/pages\/74","targetHints":{"allow":["GET"]}}],"collection":[{"href":"https:\/\/www.alltax.ch\/en\/wp-json\/wp\/v2\/pages"}],"about":[{"href":"https:\/\/www.alltax.ch\/en\/wp-json\/wp\/v2\/types\/page"}],"author":[{"embeddable":true,"href":"https:\/\/www.alltax.ch\/en\/wp-json\/wp\/v2\/users\/1"}],"replies":[{"embeddable":true,"href":"https:\/\/www.alltax.ch\/en\/wp-json\/wp\/v2\/comments?post=74"}],"version-history":[{"count":15,"href":"https:\/\/www.alltax.ch\/en\/wp-json\/wp\/v2\/pages\/74\/revisions"}],"predecessor-version":[{"id":11370,"href":"https:\/\/www.alltax.ch\/en\/wp-json\/wp\/v2\/pages\/74\/revisions\/11370"}],"wp:attachment":[{"href":"https:\/\/www.alltax.ch\/en\/wp-json\/wp\/v2\/media?parent=74"}],"curies":[{"name":"wp","href":"https:\/\/api.w.org\/{rel}","templated":true}]}}