{"id":45,"date":"2023-01-14T21:09:01","date_gmt":"2023-01-14T20:09:01","guid":{"rendered":"https:\/\/y6pc8jb03u.wpdns.site\/?page_id=45"},"modified":"2025-11-20T15:47:46","modified_gmt":"2025-11-20T14:47:46","slug":"home","status":"publish","type":"page","link":"https:\/\/www.alltax.ch\/en\/","title":{"rendered":"Home"},"content":{"rendered":"<section class=\"bde-section-45-100 bde-section\">\n  \n  \n\t\n\n\n\n<div class=\"section-container\"><div class=\"bde-advancedslider-45-158 bde-advancedslider\">\n<div class=\"breakdance-swiper-wrapper\" data-swiper-id=\"158\">\n  <div class=\"swiper\">\n    <div class=\"swiper-wrapper\">\n      <div class=\"bde-advancedslide-45-159 bde-advancedslide swiper-slide\"><div class=\"advanced-slider__slide\">\r\n  <div class=\"bde-div-45-169 bde-div\">\n  \n  \n\t\n\n\n\n<div class=\"bde-div-45-226 bde-div\">\n  \n  \n\t\n\n\n\n<div class=\"bde-text-45-101 bde-text\">\nMit der richtigen Unternehmensstrategie <br>zu nachhaltigem Erfolg\n<\/div><a class=\"bde-text-link-45-333 bde-text-link breakdance-link\" href=\"https:\/\/www.alltax.ch\/en\/services\/unternehmensberatung\/strategieentwicklung\/\" target=\"_self\" data-type=\"url\">\n  Erfahren Sie mehr\n\n<\/a>\n<\/div><div class=\"bde-div-45-123 bde-div\">\n  \n  \n\t\n\n\n\n<div class=\"bde-columns-45-124 bde-columns\"><div class=\"bde-column-45-125 bde-column\">\n  \n  \n\t\n\n\n\n<div class=\"bde-lottie-animation-45-128 bde-lottie-animation\"><\/div><div class=\"bde-lottie-animation-45-140 bde-lottie-animation\"><\/div>\n<\/div><div class=\"bde-column-45-126 bde-column\">\n  \n  \n\t\n\n\n\n<div class=\"bde-text-45-129 bde-text\">\nMehrwert Treuhand.\n<\/div>\n<\/div><\/div>\n<\/div><div class=\"bde-div-45-127 bde-div\">\n  \n  \n\t\n\n\n\n<a class=\"bde-container-link-45-132 bde-container-link breakdance-link\" href=\"#home\" target=\"_self\" data-type=\"url\">\n  \n  \n\t\n\n\n\n<div class=\"bde-lottie-animation-45-130 bde-lottie-animation\"><\/div>\n\n<\/a>\n<\/div>\n<\/div>\r\n<\/div><\/div><div class=\"bde-advancedslide-45-317 bde-advancedslide swiper-slide\"><div class=\"advanced-slider__slide\">\r\n  <div class=\"bde-div-45-318 bde-div\">\n  \n  \n\t\n\n\n\n<div class=\"bde-div-45-319 bde-div\">\n  \n  \n\t\n\n\n\n<div class=\"bde-text-45-320 bde-text\">\nKann denn Treuhand Leidenschaft sein?<br>Aber ja doch!\n<\/div>\n<\/div><div class=\"bde-div-45-321 bde-div\">\n  \n  \n\t\n\n\n\n<div class=\"bde-columns-45-322 bde-columns\"><div class=\"bde-column-45-323 bde-column\">\n  \n  \n\t\n\n\n\n<div class=\"bde-lottie-animation-45-324 bde-lottie-animation\"><\/div><div class=\"bde-lottie-animation-45-325 bde-lottie-animation\"><\/div>\n<\/div><div class=\"bde-column-45-326 bde-column\">\n  \n  \n\t\n\n\n\n<div class=\"bde-text-45-327 bde-text\">\nMehrwert Treuhand.\n<\/div>\n<\/div><\/div>\n<\/div><div class=\"bde-div-45-328 bde-div\">\n  \n  \n\t\n\n\n\n<a class=\"bde-container-link-45-329 bde-container-link breakdance-link\" href=\"#home\" target=\"_self\" data-type=\"url\">\n  \n  \n\t\n\n\n\n<div class=\"bde-lottie-animation-45-330 bde-lottie-animation\"><\/div>\n\n<\/a>\n<\/div>\n<\/div>\r\n<\/div><\/div><div class=\"bde-advancedslide-45-170 bde-advancedslide swiper-slide\"><div class=\"advanced-slider__slide\">\r\n  <div class=\"bde-div-45-171 bde-div\">\n  \n  \n\t\n\n\n\n<div class=\"bde-div-45-227 bde-div\">\n  \n  \n\t\n\n\n\n<div class=\"bde-text-45-172 bde-text\">\nWenn Sie Buchhaltung f\u00fcr eine staubtrockene Angelegenheit halten, dann haben Sie uns noch nicht kennengelernt.\n<\/div>\n<\/div><div class=\"bde-div-45-173 bde-div\">\n  \n  \n\t\n\n\n\n<div class=\"bde-columns-45-174 bde-columns\"><div class=\"bde-column-45-175 bde-column\">\n  \n  \n\t\n\n\n\n<div class=\"bde-lottie-animation-45-176 bde-lottie-animation\"><\/div><div class=\"bde-lottie-animation-45-177 bde-lottie-animation\"><\/div>\n<\/div><div class=\"bde-column-45-178 bde-column\">\n  \n  \n\t\n\n\n\n<div class=\"bde-text-45-179 bde-text\">\nMehrwert Treuhand.\n<\/div>\n<\/div><\/div>\n<\/div><div class=\"bde-div-45-180 bde-div\">\n  \n  \n\t\n\n\n\n<a class=\"bde-container-link-45-181 bde-container-link breakdance-link\" href=\"#home\" target=\"_self\" data-type=\"url\">\n  \n  \n\t\n\n\n\n<div class=\"bde-lottie-animation-45-182 bde-lottie-animation\"><\/div>\n\n<\/a>\n<\/div>\n<\/div>\r\n<\/div><\/div><div class=\"bde-advancedslide-45-183 bde-advancedslide swiper-slide\"><div class=\"advanced-slider__slide\">\r\n  <div class=\"bde-div-45-184 bde-div\">\n  \n  \n\t\n\n\n\n<div class=\"bde-div-45-228 bde-div\">\n  \n  \n\t\n\n\n\n<div class=\"bde-text-45-185 bde-text\">\nIhr Buchhaltungs&shy;programm ist gut. <br>Wir sind besser.\n<\/div>\n<\/div><div class=\"bde-div-45-186 bde-div\">\n  \n  \n\t\n\n\n\n<div class=\"bde-columns-45-187 bde-columns\"><div class=\"bde-column-45-188 bde-column\">\n  \n  \n\t\n\n\n\n<div class=\"bde-lottie-animation-45-189 bde-lottie-animation\"><\/div><div class=\"bde-lottie-animation-45-190 bde-lottie-animation\"><\/div>\n<\/div><div class=\"bde-column-45-191 bde-column\">\n  \n  \n\t\n\n\n\n<div class=\"bde-text-45-192 bde-text\">\nMehrwert Treuhand.\n<\/div>\n<\/div><\/div>\n<\/div><div class=\"bde-div-45-193 bde-div\">\n  \n  \n\t\n\n\n\n<a class=\"bde-container-link-45-194 bde-container-link breakdance-link\" href=\"#home\" target=\"_self\" data-type=\"url\">\n  \n  \n\t\n\n\n\n<div class=\"bde-lottie-animation-45-195 bde-lottie-animation\"><\/div>\n\n<\/a>\n<\/div>\n<\/div>\r\n<\/div><\/div><div class=\"bde-advancedslide-45-199 bde-advancedslide swiper-slide\"><div class=\"advanced-slider__slide\">\r\n  <div class=\"bde-div-45-200 bde-div\">\n  \n  \n\t\n\n\n\n<div class=\"bde-div-45-229 bde-div\">\n  \n  \n\t\n\n\n\n<div class=\"bde-text-45-201 bde-text\">\nGanz im Vertrauen: Es liegt mehr drin f\u00fcr Ihr Unternehmen.\n<\/div>\n<\/div><div class=\"bde-div-45-202 bde-div\">\n  \n  \n\t\n\n\n\n<div class=\"bde-columns-45-203 bde-columns\"><div class=\"bde-column-45-204 bde-column\">\n  \n  \n\t\n\n\n\n<div class=\"bde-lottie-animation-45-205 bde-lottie-animation\"><\/div><div class=\"bde-lottie-animation-45-206 bde-lottie-animation\"><\/div>\n<\/div><div class=\"bde-column-45-207 bde-column\">\n  \n  \n\t\n\n\n\n<div class=\"bde-text-45-208 bde-text\">\nMehrwert Treuhand.\n<\/div>\n<\/div><\/div>\n<\/div><div class=\"bde-div-45-209 bde-div\">\n  \n  \n\t\n\n\n\n<a class=\"bde-container-link-45-210 bde-container-link breakdance-link\" href=\"#home\" target=\"_self\" data-type=\"url\">\n  \n  \n\t\n\n\n\n<div class=\"bde-lottie-animation-45-211 bde-lottie-animation\"><\/div>\n\n<\/a>\n<\/div>\n<\/div>\r\n<\/div><\/div><div class=\"bde-advancedslide-45-212 bde-advancedslide swiper-slide\"><div class=\"advanced-slider__slide\">\r\n  <div class=\"bde-div-45-213 bde-div\">\n  \n  \n\t\n\n\n\n<div class=\"bde-div-45-230 bde-div\">\n  \n  \n\t\n\n\n\n<div class=\"bde-text-45-214 bde-text\">\nBeste Treuhand&shy;leistungen. Jetzt neu an bester Adresse an der Grosspeteranlage 5. \n<\/div>\n<\/div><div class=\"bde-div-45-215 bde-div\">\n  \n  \n\t\n\n\n\n<div class=\"bde-columns-45-216 bde-columns\"><div class=\"bde-column-45-217 bde-column\">\n  \n  \n\t\n\n\n\n<div class=\"bde-lottie-animation-45-218 bde-lottie-animation\"><\/div><div class=\"bde-lottie-animation-45-219 bde-lottie-animation\"><\/div>\n<\/div><div class=\"bde-column-45-220 bde-column\">\n  \n  \n\t\n\n\n\n<div class=\"bde-text-45-221 bde-text\">\nMehrwert Treuhand.\n<\/div>\n<\/div><\/div>\n<\/div><div class=\"bde-div-45-222 bde-div\">\n  \n  \n\t\n\n\n\n<a class=\"bde-container-link-45-223 bde-container-link breakdance-link\" href=\"#home\" target=\"_self\" data-type=\"url\">\n  \n  \n\t\n\n\n\n<div class=\"bde-lottie-animation-45-224 bde-lottie-animation\"><\/div>\n\n<\/a>\n<\/div>\n<\/div>\r\n<\/div><\/div>\n    <\/div>\n  <\/div>\n\n      \n    \n<\/div>\n\n<\/div><\/div>\n<\/section><section id=\"home\" class=\"bde-section-45-102 bde-section\">\n  \n  \n\t\n\n\n\n<div class=\"section-container\"><h1 id=\"title\" class=\"bde-heading-45-103 bde-heading\">\nYou have enough to do with your business. Leave the figures up to us.\n<\/h1><div class=\"bde-rich-text-45-104 bde-rich-text breakdance-rich-text-styles\">\n<p>Welcome to Alltax, where consultants from various disciplines work with great commitment and enthusiasm. Figures are our passion. We really love them. And that's why we always get the best out of them for our clients. The group of companies, managed by experienced partners with proven specific competencies, offers a comprehensive range of services:<\/p>\n<\/div><div class=\"bde-rich-text-45-105 bde-rich-text breakdance-rich-text-styles\">\n<ul><li><a href=\"https:\/\/www.alltax.ch\/en\/services\/treuhand\/\">Fiduciary Services<\/a><\/li><li><a href=\"https:\/\/www.alltax.ch\/en\/services\/steuerberatung\/\">Tax<\/a><\/li><li><a href=\"https:\/\/www.alltax.ch\/en\/services\/wirtschaftspruefung\/\">Audit<\/a><\/li><li><a href=\"https:\/\/www.alltax.ch\/en\/services\/unternehmensberatung\/\">Management Consulting<\/a><\/li><\/ul>\n<\/div><div class=\"bde-rich-text-45-106 bde-rich-text breakdance-rich-text-styles\">\n<p>We like to exchange information about our clients - but of course only internally and strictly confidentially. So that we can exploit optimisation potential that we see for your company at all levels. Just ask us. We have an answer to everything related to optimal figures.<\/p>\n<\/div><\/div>\n<\/section><section class=\"bde-section-45-138 bde-section\">\n  \n  \n\t\n\n\n\n<div class=\"section-container\"><div class=\"bde-div-45-133 bde-div\">\n  \n  \n\t\n\n\n\n<div class=\"bde-post-loop-45-225 bde-post-loop\"><div class=\"bde-loop bde-loop- ee-posts ee-posts-\">    <article class=\"bde-loop-item ee-post\">\n        <a class=\"bde-container-link-1222-100-11666-1222-1 bde-container-link bde-container-link-1222-100 breakdance-link\" href=\"https:\/\/www.alltax.ch\/en\/2026\/03\/30\/individualbesteuerung-was-kommt-auf-sie-zu\/\" target=\"_self\" data-type=\"url\">\n  \n  \n\t\n\n\n\n<div class=\"bde-text-1222-103-11666-1222-1 bde-text bde-text-1222-103\">\nAktuell:\n<\/div><h4 class=\"bde-heading-1222-101-11666-1222-1 bde-heading bde-heading-1222-101\">\nIndividualbesteuerung \u2013 was kommt auf Sie zu?\n<\/h4>\n\n<\/a>    <\/article>\n<\/div>\r\n<\/div>\n<\/div><\/div>\n<\/section><section class=\"bde-section-45-110 bde-section\" data-parallax=\"true\">\n  \n  \n\t\n\n\n\n<div class=\"section-container\"><div class=\"bde-image-45-107 bde-image\">\n<figure class=\"breakdance-image breakdance-image--10652\">\n\t<div class=\"breakdance-image-container\">\n\t\t<div class=\"breakdance-image-clip\"><img decoding=\"async\" class=\"breakdance-image-object\" src=\"https:\/\/www.alltax.ch\/wp-content\/uploads\/2024\/04\/alltax-treuhand-basel-4.jpg\" width=\"1366\" height=\"560\" srcset=\"https:\/\/www.alltax.ch\/wp-content\/uploads\/2024\/04\/alltax-treuhand-basel-4.jpg 1366w, https:\/\/www.alltax.ch\/wp-content\/uploads\/2024\/04\/alltax-treuhand-basel-4-300x123.jpg 300w, https:\/\/www.alltax.ch\/wp-content\/uploads\/2024\/04\/alltax-treuhand-basel-4-1024x420.jpg 1024w, https:\/\/www.alltax.ch\/wp-content\/uploads\/2024\/04\/alltax-treuhand-basel-4-768x315.jpg 768w, https:\/\/www.alltax.ch\/wp-content\/uploads\/2024\/04\/alltax-treuhand-basel-4-18x7.jpg 18w\" sizes=\"auto, (max-width: 1366px) 100vw, 1366px\" alt=\"Alltax Empfangsbereich vom Treuhand B\u00fcro in Basel\" loading=\"lazy\"><\/div>\n\t<\/div><\/figure>\n\n<\/div><\/div>\n<\/section><section class=\"bde-section-45-109 bde-section\">\n  \n  \n\t\n\n\n\n<div class=\"section-container\"><div class=\"bde-rich-text-45-108 bde-rich-text breakdance-rich-text-styles\">\n<h2><a target=\"_self\" href=\"https:\/\/www.alltax.ch\/en\/services\/\">Our Offer<\/a><\/h2><p>Alltax offers a wide range of services in the areas of fiduciary, tax, audit and consulting. Thanks to interdisciplinary exchange, we always keep an eye on the big picture, which results in valuable synergies, impulses and solutions for our clients.<\/p>\n<\/div><\/div>\n<\/section><section class=\"bde-section-45-111 bde-section\" data-parallax=\"true\">\n  \n  \n\t\n\n\n\n<div class=\"section-container\"><div class=\"bde-div-45-113 bde-div\">\n  \n  \n\t\n\n\n\n<div class=\"bde-rich-text-45-112 bde-rich-text breakdance-rich-text-styles\">\n<p>Wir lieben die Zahlen wirklich.<br>Deshalb holen wir auch stets das<br>Beste aus ihnen heraus.<\/p>\n<\/div>\n<\/div><\/div>\n<\/section><section class=\"bde-section-45-116 bde-section\">\n  \n  \n\t\n\n\n\n<div class=\"section-container\"><div class=\"bde-rich-text-45-117 bde-rich-text breakdance-rich-text-styles\">\n<h2><a target=\"_self\" href=\"https:\/\/www.alltax.ch\/en\/services\/\">Our values<\/a><\/h2><p>Committed, cooperative, passionate: these are the values we live by every day. People are always the focus. Supported by respect, fairness, transparency and competence, the idea of partnership forms the supporting foundation for everything we do, both internally and externally.<\/p><p>This creates \u00abadded value fiduciary services\u00bb for our clients.<\/p>\n<\/div><\/div>\n<\/section><section class=\"bde-section-45-118 bde-section\" data-parallax=\"true\">\n  \n  \n\t\n\n\n\n<div class=\"section-container\"><div class=\"bde-div-45-119 bde-div\">\n  \n  \n\t\n\n\n\n<div class=\"bde-rich-text-45-120 bde-rich-text breakdance-rich-text-styles\">\n<p>Wir nehmen das Treuh\u00e4nderische wortw\u00f6rtlich.<br>Und sehr pers\u00f6nlich.<\/p>\n<\/div>\n<\/div><\/div>\n<\/section><section class=\"bde-section-45-114 bde-section\">\n  \n  \n\t\n\n\n\n<div class=\"section-container\"><div class=\"bde-rich-text-45-115 bde-rich-text breakdance-rich-text-styles\">\n<h2><a target=\"_self\" href=\"https:\/\/www.alltax.ch\/en\/services\/\">Our location<\/a><\/h2><p>You will find Alltax at the best address in the centre of Basel. We are pleased to welcome you to our new great company headquarters and office spaces in B-City at Grosspeteranlage 5.<\/p>\n<\/div><\/div>\n<\/section><section class=\"bde-section-45-121 bde-section\">\n  \n  \n\t\n\n\n\n<div class=\"section-container\"><div class=\"bde-image-45-122 bde-image\">\n<figure class=\"breakdance-image breakdance-image--10653\">\n\t<div class=\"breakdance-image-container\">\n\t\t<div class=\"breakdance-image-clip\"><img decoding=\"async\" class=\"breakdance-image-object\" src=\"https:\/\/www.alltax.ch\/wp-content\/uploads\/2024\/04\/alltax-treuhand-basel-5.jpg\" width=\"1366\" height=\"560\" srcset=\"https:\/\/www.alltax.ch\/wp-content\/uploads\/2024\/04\/alltax-treuhand-basel-5.jpg 1366w, https:\/\/www.alltax.ch\/wp-content\/uploads\/2024\/04\/alltax-treuhand-basel-5-300x123.jpg 300w, https:\/\/www.alltax.ch\/wp-content\/uploads\/2024\/04\/alltax-treuhand-basel-5-1024x420.jpg 1024w, https:\/\/www.alltax.ch\/wp-content\/uploads\/2024\/04\/alltax-treuhand-basel-5-768x315.jpg 768w, https:\/\/www.alltax.ch\/wp-content\/uploads\/2024\/04\/alltax-treuhand-basel-5-18x7.jpg 18w\" sizes=\"auto, (max-width: 1366px) 100vw, 1366px\" alt=\"Alltax Besprechungsr\u00e4ume im Treuhand B\u00fcro in Basel\" loading=\"lazy\"><\/div>\n\t<\/div><\/figure>\n\n<\/div><\/div>\n<\/section>","protected":false},"excerpt":{"rendered":"<p>Mit der richtigen Unternehmensstrategie zu nachhaltigem Erfolg Erfahren Sie mehr Mehrwert Treuhand. Kann denn Treuhand Leidenschaft sein?Aber ja doch! Mehrwert Treuhand. Wenn Sie Buchhaltung f\u00fcr [&hellip;]<\/p>\n","protected":false},"author":1,"featured_media":0,"parent":0,"menu_order":0,"comment_status":"closed","ping_status":"closed","template":"","meta":{"_acf_changed":false,"_seopress_robots_primary_cat":"","_seopress_titles_title":"Alltax AG - Mehrwert Treuhand","_seopress_titles_desc":"Treuhand, Steuern, Wirtschaftspr\u00fcfung & Unternehmensberatung in Basel. Wo Treuhandprofis mit viel Engagement und Begeisterung arbeiten.","_seopress_robots_index":"","inline_featured_image":false,"_breakdance_hide_in_design_set":false,"_breakdance_tags":"","iawp_total_views":18379,"footnotes":""},"class_list":["post-45","page","type-page","status-publish"],"acf":[],"_links":{"self":[{"href":"https:\/\/www.alltax.ch\/en\/wp-json\/wp\/v2\/pages\/45","targetHints":{"allow":["GET"]}}],"collection":[{"href":"https:\/\/www.alltax.ch\/en\/wp-json\/wp\/v2\/pages"}],"about":[{"href":"https:\/\/www.alltax.ch\/en\/wp-json\/wp\/v2\/types\/page"}],"author":[{"embeddable":true,"href":"https:\/\/www.alltax.ch\/en\/wp-json\/wp\/v2\/users\/1"}],"replies":[{"embeddable":true,"href":"https:\/\/www.alltax.ch\/en\/wp-json\/wp\/v2\/comments?post=45"}],"version-history":[{"count":15,"href":"https:\/\/www.alltax.ch\/en\/wp-json\/wp\/v2\/pages\/45\/revisions"}],"predecessor-version":[{"id":11482,"href":"https:\/\/www.alltax.ch\/en\/wp-json\/wp\/v2\/pages\/45\/revisions\/11482"}],"wp:attachment":[{"href":"https:\/\/www.alltax.ch\/en\/wp-json\/wp\/v2\/media?parent=45"}],"curies":[{"name":"wp","href":"https:\/\/api.w.org\/{rel}","templated":true}]}}