{"id":355,"date":"2023-02-24T08:57:52","date_gmt":"2023-02-24T07:57:52","guid":{"rendered":"https:\/\/y6pc8jb03u.wpdns.site\/?page_id=355"},"modified":"2025-02-03T16:24:30","modified_gmt":"2025-02-03T15:24:30","slug":"news","status":"publish","type":"page","link":"https:\/\/www.alltax.ch\/en\/aktuelles\/","title":{"rendered":"News"},"content":{"rendered":"<section class=\"bde-section-355-102 bde-section\">\n  \n  \n\t\n\n\n\n<div class=\"section-container\"><div class=\"bde-columns-355-123 bde-columns\"><div class=\"bde-column-355-124 bde-column\">\n  \n  \n\t\n\n\n\n<div class=\"bde-post-loop-355-111 bde-post-loop wpgb-content\"><div class=\"bde-loop bde-loop-list ee-posts ee-posts-list\">    <article class=\"bde-loop-item ee-post\">\n        <section class=\"bde-section-931-109-11666-931-1 bde-section bde-section-931-109\">\n  \n  \n\t\n\n\n\n<div class=\"section-container\"><a class=\"bde-container-link-931-110-11666-931-1 bde-container-link bde-container-link-931-110 breakdance-link\" href=\"https:\/\/www.alltax.ch\/en\/2026\/03\/30\/individualbesteuerung-was-kommt-auf-sie-zu\/\" target=\"_self\" data-type=\"url\">\n  \n  \n\t\n\n\n\n<h3 class=\"bde-heading-931-111-11666-931-1 bde-heading bde-heading-931-111\">\nIndividualbesteuerung \u2013 was kommt auf Sie zu?\n<\/h3><div class=\"bde-text-931-112-11666-931-1 bde-text bde-text-931-112\">\n30. March 2026\n<\/div><div class=\"bde-rich-text-931-113-11666-931-1 bde-rich-text bde-rich-text-931-113 breakdance-rich-text-styles\">\n<p>Am 8. M\u00e4rz 2026 hat das Schweizer Stimmvolk das Bundesgesetz \u00fcber die Individualbesteuerung an der Urne angenommen.&nbsp; Mit diesem Volksentscheid wird sich das Schweizer Steuersystem [&hellip;]<\/p>\n\n<\/div>\n\n<\/a><\/div>\n<\/section>    <\/article>\n    <article class=\"bde-loop-item ee-post\">\n        <section class=\"bde-section-931-109-11644-931-1 bde-section bde-section-931-109\">\n  \n  \n\t\n\n\n\n<div class=\"section-container\"><a class=\"bde-container-link-931-110-11644-931-1 bde-container-link bde-container-link-931-110 breakdance-link\" href=\"https:\/\/www.alltax.ch\/en\/2026\/03\/02\/kryptowerte-im-fokusneuer-internationaler-informationsaustausch-ab-2026\/\" target=\"_self\" data-type=\"url\">\n  \n  \n\t\n\n\n\n<h3 class=\"bde-heading-931-111-11644-931-1 bde-heading bde-heading-931-111\">\nKryptowerte im Fokus: Neuer internationaler Informationsaustausch ab 2026\n<\/h3><div class=\"bde-text-931-112-11644-931-1 bde-text bde-text-931-112\">\n2. March 2026\n<\/div><div class=\"bde-rich-text-931-113-11644-931-1 bde-rich-text bde-rich-text-931-113 breakdance-rich-text-styles\">\n<p>Der Bundesrat f\u00fchrt ab 2026 den automatischen Informationsaustausch (AIA) f\u00fcr Kryptowerte ein, der erste Datenaustausch erfolgt 2027. Bis 2025 wurden nur klassische Verm\u00f6genswerte wie Bankguthaben [&hellip;]<\/p>\n\n<\/div>\n\n<\/a><\/div>\n<\/section>    <\/article>\n    <article class=\"bde-loop-item ee-post\">\n        <section class=\"bde-section-931-109-11642-931-1 bde-section bde-section-931-109\">\n  \n  \n\t\n\n\n\n<div class=\"section-container\"><a class=\"bde-container-link-931-110-11642-931-1 bde-container-link bde-container-link-931-110 breakdance-link\" href=\"https:\/\/www.alltax.ch\/en\/2026\/02\/23\/entscheidend-ist-die-tatsaechliche-trennung-nicht-das-bankkonto\/\" target=\"_self\" data-type=\"url\">\n  \n  \n\t\n\n\n\n<h3 class=\"bde-heading-931-111-11642-931-1 bde-heading bde-heading-931-111\">\nEntscheidend ist die tats\u00e4chliche Trennung \u2013 nicht das Bankkonto\n<\/h3><div class=\"bde-text-931-112-11642-931-1 bde-text bde-text-931-112\">\n23. February 2026\n<\/div><div class=\"bde-rich-text-931-113-11642-931-1 bde-rich-text bde-rich-text-931-113 breakdance-rich-text-styles\">\n<p>Eine Frau lebte in den Jahren 2017 und 2018 faktisch getrennt von ihrem Ehemann. Gegen\u00fcber den Steuerbeh\u00f6rden machte sie geltend, sie sei wirtschaftlich noch nicht [&hellip;]<\/p>\n\n<\/div>\n\n<\/a><\/div>\n<\/section>    <\/article>\n    <article class=\"bde-loop-item ee-post\">\n        <section class=\"bde-section-931-109-11640-931-1 bde-section bde-section-931-109\">\n  \n  \n\t\n\n\n\n<div class=\"section-container\"><a class=\"bde-container-link-931-110-11640-931-1 bde-container-link bde-container-link-931-110 breakdance-link\" href=\"https:\/\/www.alltax.ch\/en\/2026\/02\/02\/kryptowaehrungen-in-der-steuererklaerung-was-ist-zu-beachten\/\" target=\"_self\" data-type=\"url\">\n  \n  \n\t\n\n\n\n<h3 class=\"bde-heading-931-111-11640-931-1 bde-heading bde-heading-931-111\">\nKryptow\u00e4hrungen in der Steuererkl\u00e4rung: Was ist zu beachten?\n<\/h3><div class=\"bde-text-931-112-11640-931-1 bde-text bde-text-931-112\">\n2. February 2026\n<\/div><div class=\"bde-rich-text-931-113-11640-931-1 bde-rich-text bde-rich-text-931-113 breakdance-rich-text-styles\">\n<p>In der Schweiz unterliegen Kryptow\u00e4hrungen keiner besonderen \u00abSondermeldepflicht\u00bb. Sie gelten jedoch als Verm\u00f6genswerte und m\u00fcssen wie Bankguthaben oder Wertschriften in der Steuererkl\u00e4rung deklariert werden. Verm\u00f6genssteuerKryptow\u00e4hrungen [&hellip;]<\/p>\n\n<\/div>\n\n<\/a><\/div>\n<\/section>    <\/article>\n    <article class=\"bde-loop-item ee-post\">\n        <section class=\"bde-section-931-109-11511-931-1 bde-section bde-section-931-109\">\n  \n  \n\t\n\n\n\n<div class=\"section-container\"><a class=\"bde-container-link-931-110-11511-931-1 bde-container-link bde-container-link-931-110 breakdance-link\" href=\"https:\/\/www.alltax.ch\/en\/2026\/01\/28\/informationsveranstaltung-individualbesteuerung\/\" target=\"_self\" data-type=\"url\">\n  \n  \n\t\n\n\n\n<h3 class=\"bde-heading-931-111-11511-931-1 bde-heading bde-heading-931-111\">\nInformationsveranstaltung: \u00abIndividualbesteuerung\u00bb\n<\/h3><div class=\"bde-text-931-112-11511-931-1 bde-text bde-text-931-112\">\n28. January 2026\n<\/div><div class=\"bde-rich-text-931-113-11511-931-1 bde-rich-text bde-rich-text-931-113 breakdance-rich-text-styles\">\n<p>Am 8. M\u00e4rz 2026 stimmt die Schweizer Stimmbev\u00f6lkerung \u00fcber das Bundesgesetz \u00fcber die Individualbesteuerung ab. Aus diesem Anlass laden wir Sie herzlich zu unserem Informationsanlass [&hellip;]<\/p>\n\n<\/div>\n\n<\/a><\/div>\n<\/section>    <\/article>\n    <article class=\"bde-loop-item ee-post\">\n        <section class=\"bde-section-931-109-11638-931-1 bde-section bde-section-931-109\">\n  \n  \n\t\n\n\n\n<div class=\"section-container\"><a class=\"bde-container-link-931-110-11638-931-1 bde-container-link bde-container-link-931-110 breakdance-link\" href=\"https:\/\/www.alltax.ch\/en\/2026\/01\/05\/feiertage-aendern-nichts-am-fristbeginn\/\" target=\"_self\" data-type=\"url\">\n  \n  \n\t\n\n\n\n<h3 class=\"bde-heading-931-111-11638-931-1 bde-heading bde-heading-931-111\">\nFeiertage \u00e4ndern nichts am Fristbeginn\n<\/h3><div class=\"bde-text-931-112-11638-931-1 bde-text bde-text-931-112\">\n5. January 2026\n<\/div><div class=\"bde-rich-text-931-113-11638-931-1 bde-rich-text bde-rich-text-931-113 breakdance-rich-text-styles\">\n<p>Ein Ehepaar aus dem Kanton Thurgau reichte eine Beschwerde gegen einen Steuerentscheid einen Tag zu sp\u00e4t ein. Es ging davon aus, dass die Frist wegen [&hellip;]<\/p>\n\n<\/div>\n\n<\/a><\/div>\n<\/section>    <\/article>\n    <article class=\"bde-loop-item ee-post\">\n        <section class=\"bde-section-931-109-11636-931-1 bde-section bde-section-931-109\">\n  \n  \n\t\n\n\n\n<div class=\"section-container\"><a class=\"bde-container-link-931-110-11636-931-1 bde-container-link bde-container-link-931-110 breakdance-link\" href=\"https:\/\/www.alltax.ch\/en\/2025\/12\/01\/freunden-etwas-hinterlassen-so-vermeiden-sie-streit\/\" target=\"_self\" data-type=\"url\">\n  \n  \n\t\n\n\n\n<h3 class=\"bde-heading-931-111-11636-931-1 bde-heading bde-heading-931-111\">\nFreunden etwas hinterlassen \u2013 so vermeiden Sie Streit\n<\/h3><div class=\"bde-text-931-112-11636-931-1 bde-text bde-text-931-112\">\n1. December 2025\n<\/div><div class=\"bde-rich-text-931-113-11636-931-1 bde-rich-text bde-rich-text-931-113 breakdance-rich-text-styles\">\n<p>Wer sicherstellen m\u00f6chte, dass ein Freund oder eine Freundin im Todesfall etwas erh\u00e4lt, sollte seinen letzten Willen klar und formg\u00fcltig in einem Testament festhalten. Unklare [&hellip;]<\/p>\n\n<\/div>\n\n<\/a><\/div>\n<\/section>    <\/article>\n    <article class=\"bde-loop-item ee-post\">\n        <section class=\"bde-section-931-109-11634-931-1 bde-section bde-section-931-109\">\n  \n  \n\t\n\n\n\n<div class=\"section-container\"><a class=\"bde-container-link-931-110-11634-931-1 bde-container-link bde-container-link-931-110 breakdance-link\" href=\"https:\/\/www.alltax.ch\/en\/2025\/11\/03\/steuern-sparen-dank-abzuegen-die-wichtigsten-positionen-fuer-selbstaendigerwerbende\/\" target=\"_self\" data-type=\"url\">\n  \n  \n\t\n\n\n\n<h3 class=\"bde-heading-931-111-11634-931-1 bde-heading bde-heading-931-111\">\nSteuern sparen dank Abz\u00fcgen \u2013 die wichtigsten Positionen f\u00fcr Selbst\u00e4ndigerwerbende\n<\/h3><div class=\"bde-text-931-112-11634-931-1 bde-text bde-text-931-112\">\n3. November 2025\n<\/div><div class=\"bde-rich-text-931-113-11634-931-1 bde-rich-text bde-rich-text-931-113 breakdance-rich-text-styles\">\n<p>Viele Selbst\u00e4ndigerwerbende sch\u00f6pfen ihre legitimen Abzugsm\u00f6glichkeiten nicht voll aus \u2013 oft aus Unkenntnis. Grunds\u00e4tzlich sind alle gesch\u00e4ftsm\u00e4ssig begr\u00fcndeten Aufwendungen abzugsf\u00e4hig. Zu den wichtigsten geh\u00f6ren: Typische [&hellip;]<\/p>\n\n<\/div>\n\n<\/a><\/div>\n<\/section>    <\/article>\n<\/div>\r\n<\/div><div class=\"bde-wpgbfacet-355-129 bde-wpgbfacet\"><div class=\"wpgb-facet wpgb-loading wpgb-facet-3\" data-facet=\"3\" data-grid=\"wpgb-content\"><\/div><\/div><a class=\"bde-text-link-355-112 bde-text-link breakdance-link\" href=\"https:\/\/www.alltax.ch\/archiv\/\" target=\"_self\" data-type=\"url\">\n  Zum Archiv\n\n<\/a>\n<\/div><div class=\"bde-column-355-125 bde-column\">\n  \n  \n\t\n\n\n\n<div class=\"bde-wpgbfacet-355-127 bde-wpgbfacet\"><div class=\"wpgb-facet wpgb-loading wpgb-facet-2\" data-facet=\"2\" data-grid=\"wpgb-content\"><\/div><\/div><div class=\"bde-wpgbfacet-355-130 bde-wpgbfacet\"><div class=\"wpgb-facet wpgb-loading wpgb-facet-5\" data-facet=\"5\" data-grid=\"wpgb-content\"><\/div><\/div><div class=\"bde-wpgbfacet-355-126 bde-wpgbfacet\"><div class=\"wpgb-facet wpgb-loading wpgb-facet-1\" data-facet=\"1\" data-grid=\"wpgb-content\"><\/div><\/div><div class=\"bde-wpgbfacet-355-128 bde-wpgbfacet\"><div class=\"wpgb-facet wpgb-loading wpgb-facet-4\" data-facet=\"4\" data-grid=\"wpgb-content\"><\/div><\/div>\n<\/div><\/div><\/div>\n<\/section><section class=\"bde-section-355-113 bde-section\" data-parallax=\"true\">\n  \n  \n\t\n\n\n\n<div class=\"section-container\"><div class=\"bde-image-355-116 bde-image\">\n<figure class=\"breakdance-image breakdance-image--10653\">\n\t<div class=\"breakdance-image-container\">\n\t\t<div class=\"breakdance-image-clip\"><img decoding=\"async\" class=\"breakdance-image-object\" src=\"https:\/\/www.alltax.ch\/wp-content\/uploads\/2024\/04\/alltax-treuhand-basel-5.jpg\" width=\"1366\" height=\"560\" srcset=\"https:\/\/www.alltax.ch\/wp-content\/uploads\/2024\/04\/alltax-treuhand-basel-5.jpg 1366w, https:\/\/www.alltax.ch\/wp-content\/uploads\/2024\/04\/alltax-treuhand-basel-5-300x123.jpg 300w, https:\/\/www.alltax.ch\/wp-content\/uploads\/2024\/04\/alltax-treuhand-basel-5-1024x420.jpg 1024w, https:\/\/www.alltax.ch\/wp-content\/uploads\/2024\/04\/alltax-treuhand-basel-5-768x315.jpg 768w, https:\/\/www.alltax.ch\/wp-content\/uploads\/2024\/04\/alltax-treuhand-basel-5-18x7.jpg 18w\" sizes=\"(max-width: 1366px) 100vw, 1366px\"><\/div>\n\t<\/div><\/figure>\n\n<\/div><\/div>\n<\/section>","protected":false},"excerpt":{"rendered":"<p>Individualbesteuerung \u2013 was kommt auf Sie zu? 30. March 2026 Am 8. M\u00e4rz 2026 hat das Schweizer Stimmvolk das Bundesgesetz \u00fcber die Individualbesteuerung an der [&hellip;]<\/p>\n","protected":false},"author":1,"featured_media":0,"parent":0,"menu_order":0,"comment_status":"closed","ping_status":"closed","template":"","meta":{"_acf_changed":false,"_seopress_robots_primary_cat":"","_seopress_titles_title":"Aktuelles  %%sep%%  %%sitetitle%%","_seopress_titles_desc":"Bleiben Sie auf dem Laufenden mit den neuesten News und Updates von Alltax AG.","_seopress_robots_index":"","inline_featured_image":false,"_breakdance_hide_in_design_set":false,"_breakdance_tags":"","iawp_total_views":2132,"footnotes":""},"class_list":["post-355","page","type-page","status-publish"],"acf":[],"_links":{"self":[{"href":"https:\/\/www.alltax.ch\/en\/wp-json\/wp\/v2\/pages\/355","targetHints":{"allow":["GET"]}}],"collection":[{"href":"https:\/\/www.alltax.ch\/en\/wp-json\/wp\/v2\/pages"}],"about":[{"href":"https:\/\/www.alltax.ch\/en\/wp-json\/wp\/v2\/types\/page"}],"author":[{"embeddable":true,"href":"https:\/\/www.alltax.ch\/en\/wp-json\/wp\/v2\/users\/1"}],"replies":[{"embeddable":true,"href":"https:\/\/www.alltax.ch\/en\/wp-json\/wp\/v2\/comments?post=355"}],"version-history":[{"count":31,"href":"https:\/\/www.alltax.ch\/en\/wp-json\/wp\/v2\/pages\/355\/revisions"}],"predecessor-version":[{"id":10997,"href":"https:\/\/www.alltax.ch\/en\/wp-json\/wp\/v2\/pages\/355\/revisions\/10997"}],"wp:attachment":[{"href":"https:\/\/www.alltax.ch\/en\/wp-json\/wp\/v2\/media?parent=355"}],"curies":[{"name":"wp","href":"https:\/\/api.w.org\/{rel}","templated":true}]}}